{"id":9,"date":"2024-07-18T10:11:12","date_gmt":"2024-07-18T08:11:12","guid":{"rendered":"https:\/\/symmat.unipv.it\/?page_id=9"},"modified":"2024-09-23T10:26:22","modified_gmt":"2024-09-23T08:26:22","slug":"geopolimeri2024","status":"publish","type":"page","link":"https:\/\/symmat.unipv.it\/?page_id=9","title":{"rendered":"Geopolimeri2024"},"content":{"rendered":"\n<div class=\"wp-block-cover alignfull\"><span aria-hidden=\"true\" class=\"wp-block-cover__background has-background-dim-60 has-background-dim\"><\/span><div class=\"wp-block-cover__inner-container is-layout-constrained wp-container-core-cover-is-layout-f8640c5f wp-block-cover-is-layout-constrained\">\n<div style=\"height:240px\" aria-hidden=\"true\" class=\"wp-block-spacer\"><\/div>\n\n\n\n<h2 class=\"wp-block-heading has-text-align-center has-light-gray-color has-text-color\">Processi Innovativi per Filiere Circolari: Costruire sostenibilit\u00e0 con materiali green<\/h2>\n\n\n\n<h3 class=\"wp-block-heading has-text-align-center\"><strong>Giornata di Studio sui Geopolimeri<\/strong><\/h3>\n\n\n\n<h5 class=\"wp-block-heading has-text-align-center\"><strong>Museo Kosmos, Universit\u00e0 di Pavia<\/strong><\/h5>\n\n\n\n<h5 class=\"wp-block-heading has-text-align-center\">18 settembre 2024<\/h5>\n\n\n\n<div style=\"height:36px\" aria-hidden=\"true\" class=\"wp-block-spacer\"><\/div>\n\n\n\n<div class=\"wp-block-buttons is-horizontal is-content-justification-center is-layout-flex wp-container-core-buttons-is-layout-03627597 wp-block-buttons-is-layout-flex\">\n<div class=\"wp-block-button is-style-primary\"><a class=\"wp-block-button__link wp-element-button\" href=\"https:\/\/symmat.unipv.it\/wp-content\/uploads\/2024\/09\/GEOPOLIMERI2024-Programma.pdf\">Libro degli abstract<\/a><\/div>\n\n\n\n<div class=\"wp-block-button is-style-primary\"><a class=\"wp-block-button__link wp-element-button\" href=\"https:\/\/symmat.unipv.it\/wp-content\/uploads\/2024\/08\/Locandina_GdS-Geopolimeri2024-Pavia-LR.pdf\">Locandina<\/a><\/div>\n<\/div>\n\n\n\n<div style=\"height:60px\" aria-hidden=\"true\" class=\"wp-block-spacer\"><\/div>\n\n\n\n<p class=\"has-text-align-center\">Il workshop EU LIFE Freedom &#8220;<strong>Processi Innovativi per Filiere Circolari: i Fanghi di Depurazione e la Rigenerazione delle Risorse<\/strong>&#8221; si svolger\u00e0 nella stessa sede il 17 settembre 2024. La partecipazione a entrambe le giornate \u00e8 gratuita.<\/p>\n\n\n\n<div style=\"height:36px\" aria-hidden=\"true\" class=\"wp-block-spacer\"><\/div>\n<\/div><\/div>\n\n\n\n<div style=\"height:64px\" aria-hidden=\"true\" class=\"wp-block-spacer\"><\/div>\n\n\n\n<div class=\"wp-block-media-text alignfull has-media-on-the-right is-stacked-on-mobile is-vertically-aligned-center is-style-default has-light-gray-color has-text-color has-background has-link-color wp-elements-715400d46e55099a1d91abe853d1688c\" style=\"background-color:#000000a3;grid-template-columns:auto 42%\" id=\"comitati\"><div class=\"wp-block-media-text__content\">\n<h2 class=\"wp-block-heading has-light-gray-color has-text-color\" style=\"margin-top:var(--wp--preset--spacing--50);margin-bottom:var(--wp--preset--spacing--50)\"><strong>Comitato Scientifico:<\/strong><\/h2>\n\n\n\n<ul class=\"wp-block-list\">\n<li>Serena C. Tarantino (Chair), Universit\u00e0 di Pavia<\/li>\n\n\n\n<li>Cristina Leonelli (co-Chair), Universit\u00e0 di Modena e Reggio Emilia<\/li>\n\n\n\n<li>Marina Clausi, Universit\u00e0 di Bari A. Moro<\/li>\n\n\n\n<li>Ana Fern\u00e1ndez Jim\u00e9nez, IETcc-CSIC, Madrid<\/li>\n\n\n\n<li>Roberta Occhipinti, Universit\u00e0 di Catania<\/li>\n\n\n\n<li>M. Pia Riccardi, Universit\u00e0 di Pavia<\/li>\n\n\n\n<li>Michele Zema, Universit\u00e0 di Bari A. Moro<\/li>\n<\/ul>\n\n\n\n<h2 class=\"wp-block-heading has-light-gray-color has-text-color\"><strong>Comitato Organizzativo:<\/strong><\/h2>\n\n\n\n<ul class=\"wp-block-list\">\n<li>Serena C. Tarantino (Chair), Universit\u00e0 di Pavia<\/li>\n\n\n\n<li>Marzia Guerrini, Universit\u00e0 di Pavia<\/li>\n\n\n\n<li>Narcisa Mihaela Marian, Universit\u00e0 di Pavia<\/li>\n\n\n\n<li>M. Pia Riccardi, Universit\u00e0 di Pavia<\/li>\n\n\n\n<li>Giacomo Zatti, Universit\u00e0 di Pavia<\/li>\n\n\n\n<li>Michele Zema, Universit\u00e0 di Bari A. Moro<\/li>\n\n\n\n<li>Simone Maffei (webmaster), Universit\u00e0 di Pavia<\/li>\n<\/ul>\n<\/div><figure class=\"wp-block-media-text__media\"><img loading=\"lazy\" decoding=\"async\" width=\"720\" height=\"720\" src=\"https:\/\/symmat.unipv.it\/wp-content\/uploads\/2024\/07\/Immagine2.png\" alt=\"\" class=\"wp-image-123 size-full\" srcset=\"https:\/\/symmat.unipv.it\/wp-content\/uploads\/2024\/07\/Immagine2.png 720w, https:\/\/symmat.unipv.it\/wp-content\/uploads\/2024\/07\/Immagine2-300x300.png 300w, https:\/\/symmat.unipv.it\/wp-content\/uploads\/2024\/07\/Immagine2-150x150.png 150w\" sizes=\"auto, (max-width: 720px) 100vw, 720px\" \/><\/figure><\/div>\n\n\n\n<div style=\"height:64px\" aria-hidden=\"true\" class=\"wp-block-spacer\"><\/div>\n\n\n\n<div class=\"wp-block-media-text alignfull is-stacked-on-mobile is-vertically-aligned-center is-style-default has-light-gray-color has-text-color has-background has-link-color wp-elements-422d0c10fc50d264fad558dd0b1d2c91\" style=\"background-color:#000000a3;grid-template-columns:42% auto\" id=\"comitati\"><figure class=\"wp-block-media-text__media\"><img loading=\"lazy\" decoding=\"async\" width=\"720\" height=\"720\" src=\"https:\/\/symmat.unipv.it\/wp-content\/uploads\/2024\/07\/Immagine1-1.png\" alt=\"\" class=\"wp-image-116 size-full\" srcset=\"https:\/\/symmat.unipv.it\/wp-content\/uploads\/2024\/07\/Immagine1-1.png 720w, https:\/\/symmat.unipv.it\/wp-content\/uploads\/2024\/07\/Immagine1-1-300x300.png 300w, https:\/\/symmat.unipv.it\/wp-content\/uploads\/2024\/07\/Immagine1-1-150x150.png 150w\" sizes=\"auto, (max-width: 720px) 100vw, 720px\" \/><\/figure><div class=\"wp-block-media-text__content\">\n<h2 class=\"wp-block-heading has-light-gray-color has-text-color\" style=\"margin-top:var(--wp--preset--spacing--50);margin-bottom:var(--wp--preset--spacing--50)\"><strong>Programma<\/strong><\/h2>\n\n\n\n<p>09:00-10:00&nbsp; Registrazione dei partecipanti<br>10:00-10:30&nbsp; Apertura dei lavori (<strong>Serena C. Tarantino<\/strong>, <strong>Cristina Leonelli<\/strong>, co-chairs of Geopolimeri2024)<br><br>SESSIONE 1  (<em>Chair<\/em>: <strong>Roberta Occhipinti<\/strong>, UniCT)<br>10:30-11:00&nbsp; Keynote: <strong>Luca Valentini<\/strong> (UniPD), <em>Alkali activation of lunar regolith for extraterrestrial habitats<\/em><br>11:00-11:15&nbsp; Coffee break offerto da EU Life FREEDOM<br>11:15-11:30&nbsp; <strong>Giulia Masi<\/strong> (UniBO), <em>Microstructure of metakaolin based geopolymers in light of different shaping methods<\/em><br>11:30-11:45 <strong>Vito Cofano<\/strong> (UniBA), <em>The use of olive oil-modified geopolymers for municipal wastewater treatment<\/em><br>11:45-12:00 <strong>Marco Milanesio<\/strong> (UniPMN), <em>Superplasticizer efficiency of slag cement with NaOH and Na2CO3 activation: a design of experiments approach<\/em><br><br>12:00-12:30 Visita al Museo Kosmos<br>12:30-13:30 Pranzo leggero offerto da EU Life FREEDOM<br><br>SESSIONE 2  (<em>Chair<\/em>: <strong>Marco Milanesio<\/strong>, UniPMN)<br>13:30-14:00&nbsp; Keynote: <strong>Ana Fern\u00e1ndez Jim\u00e9nez<\/strong> (IETcc-CSIC, Madrid), <em>Development of sustainable cement by alkaline activation<\/em><br>14:00-15:00&nbsp; Poster flash presentations<br>15:00-15:45&nbsp; Sessione poster e Coffee break offerto da EU Life FREEDOM<br><br>SESSIONE 3  (<em>Chair<\/em>: <strong>Marina Clausi<\/strong>, UniBA)<br>15:45-16:00 <strong>Altin Mele<\/strong> (Ivodent Academy, Tirana), <em>Structural and surface changes of smectite clay by acid activation<\/em><br>16:00-16:15 <strong>Lucia Ferrari<\/strong> (UniBO), <em>1H Time Domain-Nuclear Magnetic Resonance (TD-NMR) to explore water availability in porous inorganic binders: principle, potential and application<\/em><br>16:15-16:30 <strong>Annalisa Natali Murri<\/strong> (CNR-ISMMC), <em>Recycling of unsorted Construction and Demolition Waste through geopolimerization<\/em><br>16:30-16:45 <strong>Narcisa Mihaela Marian<\/strong> (UniPV), Recycling deactivated asbestos cement in alkali activated materials<br><br>16:45-17:30 Note finali, discussione generale e conclusione dei lavori<\/p>\n\n\n\n<p><\/p>\n<\/div><\/div>\n\n\n\n<div style=\"height:64px\" aria-hidden=\"true\" class=\"wp-block-spacer\"><\/div>\n\n\n\n<div class=\"wp-block-media-text alignfull has-media-on-the-right is-stacked-on-mobile is-vertically-aligned-center is-style-default has-light-gray-color has-text-color has-background has-link-color wp-elements-11feb8d61f3161b235197a8fe40f8d91\" style=\"background-color:#000000a3;grid-template-columns:auto 42%\" id=\"comitati\"><div class=\"wp-block-media-text__content\">\n<h2 class=\"wp-block-heading has-light-gray-color has-text-color\" style=\"margin-top:var(--wp--preset--spacing--50);margin-bottom:var(--wp--preset--spacing--50)\"><strong>Elenco dei poster<\/strong><\/h2>\n\n\n\n<p><strong>A. Barci<\/strong>, H. Elsayed, F. Gobbin, P. Colombo, <em>Sustainable additive manufacturing of low-temperature thermochemical energy storage systems for building applications<\/em><br><strong>A. Barci<\/strong>, H. Elsayed, F. Gobbin, E. Bernardo, P. Colombo, <em>Glass-supported large scale additive manufacturing of sustainable ceramics<\/em><br><strong>E. Blasi<\/strong>, E. Caioni, A. Mobili, F. Tittarelli, <em>Valorization of low-grade kaolinitic clays in alkali-activated mortars<\/em><br><strong>D. Capsoni<\/strong>, L. Maggi, C. Urru, V. Friuli, C. Ferrara, D. M. Conti, G. Bruni, <em>Etched halloysite-carvedilol hybrids with enhanced drug solubility and dissolution rate<\/em><br><strong>R. Casanova<\/strong>, A. Natali Murri, F. Servadei, V. Medri, E. Landi, <em>Preliminary assessment of the use of waste basalt powder for the production of geopolymer materials<\/em><br><strong>A. Cesaro<\/strong>, R. Cioffi, C. Ferone, G. Roviello, O. Tarallo, <em>Development of novel graphene oxide-geopolymer composites for enhanced adsorption of methylene blue<\/em><br><strong>M. Clausi<\/strong>, V. Cofano, M. Medini, R. Occhipinti, D. Pinto, <em>A circular approach in reusing sludges from water potabilization and urban wastewater treatment plants through alkaline activation<\/em><br><strong>R. De Michele<\/strong>, B. Liguori, D. Caputo, C. Menna, <em>Fire resistance of wood ash-based alkali-activated materials<\/em><br><strong>G. Girardi<\/strong>, M. Clausi, R. Petti, C. Vitone, D. Pinto, <em>Characterization and pre-treatment of low grade-clays for the preliminary evaluation of their suitability as precursor for alkali-activated binders<\/em><br><strong>C. Gravino<\/strong>, A. Campanile, B. Liguori, P. Aprea, D. Caputo, <em>Porous FAU zeolite-based monolith for CO2 capture<\/em><br><strong>I. Lancellotti<\/strong>, L. Barbieri, C. Leonelli, <em>Biochar-Based Geopolymers<\/em><br>R. Cioffi, C. Ferone, <strong>C. Migliaccio<\/strong>, G. Roviello, O. Tarallo, <em>Synthesis and characterization of acid and basic metakaolin and red mud based geopolymers: comparison and applications<\/em><br>A. Bertino, <strong>R. Occhipinti<\/strong>, G. Barone, P. Mazzoleni, <em>Sicilian diatomitic rocks: new local resources in alkaline-activation technology<\/em><br>V. Medri, <strong>E. Papa<\/strong>, A. Natali Murri, M.C. Marchioni, C. Di Pietro, F. Miccio, E. Landi, <em>Geopolymer technology for sustainability and ecological transition<\/em><br>M. Medini, C. Pastore, M. Clausi, V. Cofano, D. El Chami, <strong>D. Pinto<\/strong>, <em>Ammonium adsorption from anaerobic digestate using porous metakaoline-based geopolymers<\/em><br><strong>F. Servadei<\/strong>, A. Natali Murri, E. Papa, F. Miccio, V. Medri, E. Landi, <em>Construction and demolition waste-based geopolymers as solid adsorbent for CO2 capture<\/em><br><strong>M. Sturini<\/strong>, P. Lucini, G. Guerra, D.M. Conti, C. Puscalau, C. Urru, G. Dall\u2019Aglio, F. Maraschi, G, Bruni, D. Capsoni, <em>Halloysite and MOFs as efficient materials for ofloxacin removal from polluted water<\/em><br><strong>S.C. Tarantino<\/strong>, R. Occhipinti, F. Maraschi, M. Zema, M.P. Riccardi, A. Profumo, M. Sturini, <em>Porous geopolymers for adsorption of Contaminants of Emerging Concern from wastewaters<\/em><br><strong>E. Verza<\/strong>, L. Bergamonti, E. Michelini, D. Ferretti, C. Graiff, <em>Reuse of steel slag and blast furnace slag as 100% waste-based binders or blended with metakaolin for the synthesis of one-part geopolymers<\/em><\/p>\n\n\n\n<p><\/p>\n<\/div><figure class=\"wp-block-media-text__media\"><img loading=\"lazy\" decoding=\"async\" width=\"1024\" height=\"1024\" src=\"https:\/\/symmat.unipv.it\/wp-content\/uploads\/2024\/09\/Dalle3_materiali-green.jpg\" alt=\"\" class=\"wp-image-536 size-full\" srcset=\"https:\/\/symmat.unipv.it\/wp-content\/uploads\/2024\/09\/Dalle3_materiali-green.jpg 1024w, https:\/\/symmat.unipv.it\/wp-content\/uploads\/2024\/09\/Dalle3_materiali-green-300x300.jpg 300w, https:\/\/symmat.unipv.it\/wp-content\/uploads\/2024\/09\/Dalle3_materiali-green-150x150.jpg 150w, https:\/\/symmat.unipv.it\/wp-content\/uploads\/2024\/09\/Dalle3_materiali-green-768x768.jpg 768w\" sizes=\"auto, (max-width: 1024px) 100vw, 1024px\" \/><\/figure><\/div>\n\n\n\n<div style=\"height:64px\" aria-hidden=\"true\" class=\"wp-block-spacer\"><\/div>\n\n\n\n<div class=\"wp-block-media-text alignfull has-media-on-the-right is-stacked-on-mobile is-vertically-aligned-center is-style-default has-light-gray-color has-text-color has-background has-link-color wp-elements-b4686ea35ebc8626de24942f1be67ada\" style=\"background-color:#000000a3;grid-template-columns:auto 28%\" id=\"comitati\"><div class=\"wp-block-media-text__content\">\n<h2 class=\"wp-block-heading has-light-gray-color has-text-color\" style=\"margin-top:var(--wp--preset--spacing--50);margin-bottom:var(--wp--preset--spacing--50)\"><strong>Sede del workshop<\/strong><\/h2>\n\n\n\n<p>Il workshop si \u00e8 tenuto nella prestigiosa Aula Spallanzani del Museo Kosmos dell&#8217;Universit\u00e0 di Pavia, sita al primo piano di Palazzo Botta in piazza Botta 9, nel centro storico di Pavia.<\/p>\n\n\n\n<p><a href=\"https:\/\/museokosmos.eu\/\">Museo Kosmos<\/a>, Piazza Botta Adorno Antoniotto, 9, 27100 Pavia PV &#8211; <a href=\"https:\/\/maps.app.goo.gl\/76xcFVCy3BvJ1VKc9\" target=\"_blank\" rel=\"noreferrer noopener\"><strong>Google Maps<\/strong><\/a><\/p>\n\n\n\n<details class=\"wp-block-details is-layout-flow wp-block-details-is-layout-flow\"><summary>Istruzioni per chi arriva in aereo<\/summary>\n<p>Da Milano MALPENSA: Prendere il treno Malpensa Express e scendere a Milano Bovisa Politecnico [Nota: al terminale Malpensa T1 la stazione dei treni si trova al piano -1; al terminale Malpensa T2 bisogna uscire dall\u2019area arrivi e raggiungere la stazione dei treni tramite la passerella esterna. Tutti i treni da Malpensa a Milano (sia quelli per Centrale che quelli per Cadorna) fermano a Bovisa. Il costo del Malpensa Express \u00e8 di \u20ac 13.00]. Da Bovisa Politecnico prendere il treno suburbano S13 per Pavia (la tratta dura 55 minuti e Pavia \u00e8 l\u2019ultima fermata; il costo \u00e8 di \u20ac 4.40). Informazioni e orari su <a href=\"http:\/\/www.trenitalia.it\">trenitalia.it<\/a> e <a href=\"http:\/\/www.trenord.it\">trenord.it<\/a>.<\/p>\n\n\n\n<p>Da Milano LINATE: Prendere la metropolitana M4 (l\u2019ingresso alla metropolitana si trova al piano arrivi dell\u2019aeroporto) fino a Milano Dateo. A Milano Dateo seguire le indicazione per la stazione ferroviaria (collegata internamente alla M4) e prendere il treno suburbano S13 per Pavia (la tratta dura 40 minuti e Pavia \u00e8 l\u2019ultima fermata; il costo \u00e8 di \u20ac 4.40). Informazioni e orari su <a href=\"http:\/\/www.trenitalia.it\">trenitalia.it<\/a> e <a href=\"http:\/\/www.trenord.it\">trenord.it<\/a>.<\/p>\n\n\n\n<p>Da Milano ORIO AL SERIO: Prendere il bus shuttle per Milano Centrale. Da Milano Centrale prendere un treno per Pavia. Vi sono diverse opzioni con treni regionali (\u20ac 4.40) o intercity (\u20ac 9.00).<\/p>\n\n\n\n<div style=\"height:24px\" aria-hidden=\"true\" class=\"wp-block-spacer\"><\/div>\n<\/details>\n\n\n\n<details class=\"wp-block-details is-layout-flow wp-block-details-is-layout-flow\"><summary>Istruzioni per chi arriva in macchina<\/summary>\n<p>Il Museo Kosmos si trova nel centro storico della citt\u00e0 in Z.T.L. Il parcheggio coperto a pagamento pi\u00f9 vicino \u00e8 il <a href=\"https:\/\/www.interparkingitalia.it\/it-IT\/find-parking\/ParkAlCentro\/\">Park Al Centro<\/a> in Viale Trieste 27. L\u2019uscita pedonale su via Cesare Battisti si trova a soli 300 m dal Museo. E\u2019 anche possibile parcheggiare in strada (\u20ac 2.00\/ora), ad esempio su Via Palestro, Via Maffo Vialli, Via Fratelli Cremona, Viale Cesare Battisti, Viale Giacomo Matteotti e zone limitrofe.<\/p>\n\n\n\n<div style=\"height:36px\" aria-hidden=\"true\" class=\"wp-block-spacer\"><\/div>\n<\/details>\n<\/div><figure class=\"wp-block-media-text__media\"><img loading=\"lazy\" decoding=\"async\" width=\"960\" height=\"640\" src=\"https:\/\/symmat.unipv.it\/wp-content\/uploads\/2024\/07\/17299_169_kosmos960.jpg\" alt=\"\" class=\"wp-image-330 size-full\" srcset=\"https:\/\/symmat.unipv.it\/wp-content\/uploads\/2024\/07\/17299_169_kosmos960.jpg 960w, https:\/\/symmat.unipv.it\/wp-content\/uploads\/2024\/07\/17299_169_kosmos960-300x200.jpg 300w, https:\/\/symmat.unipv.it\/wp-content\/uploads\/2024\/07\/17299_169_kosmos960-768x512.jpg 768w\" sizes=\"auto, (max-width: 960px) 100vw, 960px\" \/><\/figure><\/div>\n\n\n\n<p><\/p>\n","protected":false},"excerpt":{"rendered":"<p>Programma 09:00-10:00&nbsp; Registrazione dei partecipanti10:00-10:30&nbsp; Apertura dei lavori (Serena C. Tarantino, Cristina Leonelli, co-chairs of Geopolimeri2024) SESSIONE 1 (Chair: Roberta Occhipinti, UniCT)10:30-11:00&nbsp; Keynote: Luca Valentini (UniPD), Alkali activation of lunar regolith for extraterrestrial habitats11:00-11:15&nbsp; Coffee break offerto da EU Life FREEDOM11:15-11:30&nbsp; Giulia Masi (UniBO), Microstructure of metakaolin based geopolymers in light of different shaping methods11:30-11:45 [&hellip;]<\/p>\n","protected":false},"author":1,"featured_media":0,"parent":0,"menu_order":0,"comment_status":"closed","ping_status":"closed","template":"page-templates\/menu-trasparent.php","meta":{"footnotes":""},"class_list":["post-9","page","type-page","status-publish","hentry"],"_links":{"self":[{"href":"https:\/\/symmat.unipv.it\/index.php?rest_route=\/wp\/v2\/pages\/9","targetHints":{"allow":["GET"]}}],"collection":[{"href":"https:\/\/symmat.unipv.it\/index.php?rest_route=\/wp\/v2\/pages"}],"about":[{"href":"https:\/\/symmat.unipv.it\/index.php?rest_route=\/wp\/v2\/types\/page"}],"author":[{"embeddable":true,"href":"https:\/\/symmat.unipv.it\/index.php?rest_route=\/wp\/v2\/users\/1"}],"replies":[{"embeddable":true,"href":"https:\/\/symmat.unipv.it\/index.php?rest_route=%2Fwp%2Fv2%2Fcomments&post=9"}],"version-history":[{"count":195,"href":"https:\/\/symmat.unipv.it\/index.php?rest_route=\/wp\/v2\/pages\/9\/revisions"}],"predecessor-version":[{"id":562,"href":"https:\/\/symmat.unipv.it\/index.php?rest_route=\/wp\/v2\/pages\/9\/revisions\/562"}],"wp:attachment":[{"href":"https:\/\/symmat.unipv.it\/index.php?rest_route=%2Fwp%2Fv2%2Fmedia&parent=9"}],"curies":[{"name":"wp","href":"https:\/\/api.w.org\/{rel}","templated":true}]}}